{"id":1210,"date":"2022-09-13T14:41:04","date_gmt":"2022-09-13T14:41:04","guid":{"rendered":"https:\/\/www.frauenhaus-neumuenster.de\/inhalt\/?page_id=1210"},"modified":"2022-10-23T16:06:45","modified_gmt":"2022-10-23T16:06:45","slug":"shqip","status":"publish","type":"page","link":"https:\/\/www.frauenhaus-neumuenster.de\/inhalt\/?page_id=1210","title":{"rendered":"Shqip (Albanisch)"},"content":{"rendered":"\n<p>N\u00eb strehimoren e grave autonome, grat\u00eb dhe f\u00ebmij\u00ebt e tyre mund t\u00eb gjejn\u00eb mbrojtje, k\u00ebshilla dhe mb\u00ebshtetje n\u00ebse ato kan\u00eb p\u00ebrjetuar dhun\u00eb fizike, mendore dhe\/ose seksuale ose jan\u00eb k\u00ebrc\u00ebnuar me to.<\/p>\n\n\n\n<p>Dhuna ka shum\u00eb fytyra:<\/p>\n\n\n\n<p>Rrahjet, k\u00ebrc\u00ebnimet, t\u00eb b\u00ebrtiturat, mbyllje, ngacmime seksuale dhe p\u00ebrdhunime, p\u00ebrndjekje, martes\u00eb t\u00eb detyruar, t\u0451 mos merret seriozisht, monitorim dhe kontroll, gjymtimi gjenital fem\u00ebror (FGM) dhe shum\u00eb m\u00eb tep\u00ebr.<\/p>\n\n\n\n<p>\u00c7do grua dhe f\u00ebmij\u00ebt e saj q\u00eb p\u00ebrjetojn\u00eb dhun\u00eb ose k\u00ebrc\u00ebnohen nga bashk\u00ebshorti, (ish-) partneri, familja, fqinji apo persona t\u00eb tjer\u00eb mund t\u00eb gjejn\u00eb strehim n\u00eb strehimoren e grave.<\/p>\n\n\n\n<p>\u00c7do grua mund t\u00eb vij\u00eb n\u00eb strehimoren e grave, pavar\u00ebsisht nga<\/p>\n\n\n\n<p><strong>\u2022<\/strong>&nbsp; Sh\u00ebndeti<\/p>\n\n\n\n<p><strong>\u2022 <\/strong>&nbsp;Leja e q\u00ebndrimit<\/p>\n\n\n\n<p><strong>\u2022<\/strong>&nbsp; gjendja financiare<\/p>\n\n\n\n<p>Jet\u00ebn e tyre t\u00eb p\u00ebrditshme e organizojn\u00eb vet\u00eb grat\u00eb dhe q\u00ebndrojn\u00eb n\u00eb strehimoren e grave p\u00ebr aq koh\u00eb sa mendojn\u0451 se u nevojitet.<\/p>\n\n\n\n<p>Punonj\u00ebset jan\u00eb t\u00eb detyruar t\u00eb ruajn\u00eb konfidencialitetin.<\/p>\n\n\n\n<p><strong>K\u00ebshillimi dhe banimi n\u00eb strehimoren e grave \u00ebsht\u00eb anonime dhe pa pages\u00eb.<\/strong><\/p>\n\n\n\n<h2 class=\"wp-block-heading\">Lista e urgjenc\u00ebs &#8211; P\u00ebr k\u00ebto gjera duhet t\u2019i kem parasysh<\/h2>\n\n\n\n<p>Hapi i par\u00eb: <strong>Un\u00eb telefonoj<\/strong> streh\u00ebn e grave Neum\u00fcnster n\u00eb <strong>04321-46733.<\/strong> Aty do t\u00eb informohem n\u00ebse ka ende nj\u00eb vend n\u00eb dispozicion p\u00ebr mua. N\u00ebse po, stafi do t\u00eb m\u00eb jap\u00eb t\u00eb gjitha informacionet e tjera t\u00eb nevojshme.<br><br>Hapi i dyt\u00eb: Po b\u00ebj gati valixhen time:<\/p>\n\n\n\n<ul class=\"wp-block-list\"><li><strong>ID-Kartela<\/strong><\/li><li><strong>Certifikat\u00ebn e lindjes<\/strong><\/li><li><strong>Libri Familjar<\/strong><\/li><li><strong>Pasqyrat e Llogaris\u00eb<\/strong><\/li><li><strong>Kartela e llogaris\u00eb<\/strong><\/li><li><strong>Para t\u00eb gatshme (n\u00ebse ka)<\/strong><\/li><li><strong>Certifikat\u00ebn e pun\u00ebsimit ose pensioni<\/strong><\/li><li><strong>Karta e sigurimit sh\u00ebndet\u00ebsor<\/strong><\/li><li><strong>Barnat e r\u00ebnd\u00ebsishme<\/strong><\/li><li><strong>Karta e tatimit mbi t\u00eb ardhurat<\/strong><\/li><li><strong>Lejet e q\u00ebndrimit dhe pun\u00ebs<\/strong><\/li><li><strong>Kontrata e qiras\u00eb<\/strong><\/li><li><strong>\u00c7el\u00ebsi i banes\u00ebs<\/strong><\/li><\/ul>\n\n\n\n<p>Hapi i tret\u00eb n\u00ebse ju nevojitet: N\u00eb valixhen &nbsp;p\u00ebr f\u00ebmij\u00ebt kam futur:<\/p>\n\n\n\n<ul class=\"wp-block-list\"><li><strong>Certifikat\u00ebn e lindjes<\/strong><\/li><li><strong>Kart\u00ebn e identitetit t\u00eb f\u00ebmij\u00ebs<\/strong><\/li><li><strong>Karta e sigurimit sh\u00ebndet\u00ebsor<\/strong><\/li><li><strong>Numri i p\u00ebrfitimit t\u00eb f\u00ebmij\u00ebve<\/strong><\/li><li><strong>Barna t\u00eb r\u00ebnd\u00ebsishme<\/strong><\/li><li><strong>Librez\u00eb e verdh\u00eb e provimit<\/strong><\/li><li><strong>Kartel\u00ebn e vaksinimit<\/strong><\/li><li><strong>Pajisje shkollore<\/strong><\/li><li><strong>D\u00ebftesat shkollore<\/strong><\/li><li><strong>Urdh\u00ebr kujdestarie<\/strong><\/li><li><strong>Lodra e preferuar<\/strong><\/li><\/ul>\n\n\n\n<p>P\u00ebr shkak se mund t\u00eb jet\u00eb e v\u00ebshtir\u00eb p\u00ebr mua t\u00eb marr dokumentet q\u00eb mungojn\u00eb m\u00eb von\u00eb, marr me vete sa m\u00eb shum\u00eb q\u00eb t\u00eb jet\u00eb e mundur.<\/p>\n\n\n\n<p>Hapi i kat\u00ebrt: Tani gjith\u00e7ka q\u00eb duhet t\u00eb b\u00ebj \u00ebsht\u00eb t\u00eb kap valixhen time dhe t\u00eb dal nga dera. Streha e grave do t\u00eb m\u00eb ndihmoj\u00eb n\u00eb rrug\u00ebn time drejt nj\u00eb jete t\u00eb vet\u00ebvendosur.<\/p>\n","protected":false},"excerpt":{"rendered":"<p>N\u00eb strehimoren e grave autonome, grat\u00eb dhe f\u00ebmij\u00ebt e tyre mund t\u00eb gjejn\u00eb mbrojtje, k\u00ebshilla dhe mb\u00ebshtetje n\u00ebse ato kan\u00eb p\u00ebrjetuar dhun\u00eb fizike, mendore dhe\/ose seksuale ose jan\u00eb k\u00ebrc\u00ebnuar me to. Dhuna ka shum\u00eb fytyra: Rrahjet, k\u00ebrc\u00ebnimet, t\u00eb b\u00ebrtiturat, mbyllje, ngacmime seksuale dhe p\u00ebrdhunime, p\u00ebrndjekje, martes\u00eb t\u00eb detyruar, t\u0451 mos merret seriozisht, monitorim dhe kontroll, [&hellip;]<\/p>\n","protected":false},"author":1,"featured_media":0,"parent":156,"menu_order":100,"comment_status":"closed","ping_status":"closed","template":"","meta":{"footnotes":""},"class_list":["post-1210","page","type-page","status-publish","hentry"],"_links":{"self":[{"href":"https:\/\/www.frauenhaus-neumuenster.de\/inhalt\/index.php?rest_route=\/wp\/v2\/pages\/1210","targetHints":{"allow":["GET"]}}],"collection":[{"href":"https:\/\/www.frauenhaus-neumuenster.de\/inhalt\/index.php?rest_route=\/wp\/v2\/pages"}],"about":[{"href":"https:\/\/www.frauenhaus-neumuenster.de\/inhalt\/index.php?rest_route=\/wp\/v2\/types\/page"}],"author":[{"embeddable":true,"href":"https:\/\/www.frauenhaus-neumuenster.de\/inhalt\/index.php?rest_route=\/wp\/v2\/users\/1"}],"replies":[{"embeddable":true,"href":"https:\/\/www.frauenhaus-neumuenster.de\/inhalt\/index.php?rest_route=%2Fwp%2Fv2%2Fcomments&post=1210"}],"version-history":[{"count":3,"href":"https:\/\/www.frauenhaus-neumuenster.de\/inhalt\/index.php?rest_route=\/wp\/v2\/pages\/1210\/revisions"}],"predecessor-version":[{"id":1224,"href":"https:\/\/www.frauenhaus-neumuenster.de\/inhalt\/index.php?rest_route=\/wp\/v2\/pages\/1210\/revisions\/1224"}],"up":[{"embeddable":true,"href":"https:\/\/www.frauenhaus-neumuenster.de\/inhalt\/index.php?rest_route=\/wp\/v2\/pages\/156"}],"wp:attachment":[{"href":"https:\/\/www.frauenhaus-neumuenster.de\/inhalt\/index.php?rest_route=%2Fwp%2Fv2%2Fmedia&parent=1210"}],"curies":[{"name":"wp","href":"https:\/\/api.w.org\/{rel}","templated":true}]}}