{"id":210,"date":"2012-02-23T20:09:53","date_gmt":"2012-02-23T20:09:53","guid":{"rendered":"http:\/\/www.frauenhaus-neumuenster.de\/inhalt\/?page_id=210"},"modified":"2022-10-23T16:16:24","modified_gmt":"2022-10-23T16:16:24","slug":"espanol","status":"publish","type":"page","link":"https:\/\/www.frauenhaus-neumuenster.de\/inhalt\/?page_id=210","title":{"rendered":"Espa\u00f1ol"},"content":{"rendered":"\n<p>Las mujeres y sus hijos, pueden encontrar en los albergues aut\u00f3nomos para mujeres, protecci\u00f3n, asesoramiento y apoyo, si han sufrido abuso f\u00edsico, psicol\u00f3gico y\/o sexual o han sido amenazadas con dichos abusos.<\/p>\n\n\n\n<p>La violencia tiene muchas caras:<\/p>\n\n\n\n<p>Golpes, amenazas, gritos, privaci\u00f3n de la libertad, acoso sexual y violaci\u00f3n, acecho, matrimonio forzado, no ser tomada en cuenta para nada, ser vigilada y controlada, sufrir mutilaci\u00f3n genital y muchas otras cosas m\u00e1s.<\/p>\n\n\n\n<p>Cada mujer y sus ni\u00f1os, que sufran violencia o amenaza de violencia, por parte de su esposo, (ex) pareja, familia o vecinos u otras personas, pueden encontrar refugio en el albergue para mujeres.<\/p>\n\n\n\n<p>Todas las mujeres pueden acudir al albergue para mujeres, independientemente de:<\/p>\n\n\n\n<ul class=\"wp-block-list\"><li>Salud<\/li><li>Permiso de residencia<\/li><li>Situaci\u00f3n financiera<\/li><\/ul>\n\n\n\n<p>Las mujeres organizan por si mismas su vida diaria, y permanecen en el albergue para mujeres mientras sea necesario para ellas.<\/p>\n\n\n\n<p>Las empleadas del albergue estan sujetas al deber de confidencialidad y secreto.<\/p>\n\n\n\n<p><strong>La asesor\u00eda y la vivienda en el albergue para mujeres, es an\u00f3nimo y gratuito.<\/strong><\/p>\n\n\n\n<h2 class=\"has-text-align-center wp-block-heading\">Lista para casos de urgencia<\/h2>\n\n\n\n<p>Se puede acceder al albergue para mujeres de Neum\u00fcnster, tanto de d\u00eda como de noche, llamando al <strong>tel\u00e9fono n\u00famero 04321-46733<\/strong>. All\u00ed se recibir\u00e1 informaci\u00f3n, respecto de posibles plazas disponible. Si hubiera plaza, recibir\u00e1 por parte de las empleadas del albergue, toda la informaci\u00f3n adicional.<\/p>\n\n\n\n<p>Si es posible, traer los siguientes art\u00edculos o documentos.<\/p>\n\n\n\n<ul class=\"wp-block-list\"><li>Vestimenta<\/li><li>Art\u00edculos de higiene<\/li><li>Documento de identidad \/documento de identidad de su hijo\/pasaporte<\/li><li>Partida de nacimiento<\/li><li>Partida de matrimonio<\/li><li>Estado de cuenta bancaria<\/li><li>Tarjeta bancaria<\/li><li>N\u00famero de identificaci\u00f3n fiscal<\/li><li>Dinero en efectivo (si lo tuviera)<\/li><li>Tarjeta de seguro de salud<\/li><li>Medicamentos importantes<\/li><li>Contrato de alquiler<\/li><li>Llaves de la vivienda<\/li><li>N\u00famero de subsidio infantil<\/li><li>Cuaderno de ex\u00e1menes amarillo<\/li><li>Carnet de maternidad<\/li><li>Tarjeta de vacunas<\/li><li>Documentos escolares\/ libretas de notas<\/li><li>Documento que acredite el derecho a la custodia\/ reconocimiento de paternidad<\/li><li>Juguetes preferidos.<\/li><\/ul>\n\n\n\n<p><strong>Dado que pueda resultarte dif\u00edcil conseguir los documentos que le falten m\u00e1s adelante, ll\u00e9vese consigo todo lo que puedas.<\/strong><\/p>\n","protected":false},"excerpt":{"rendered":"<p>Las mujeres y sus hijos, pueden encontrar en los albergues aut\u00f3nomos para mujeres, protecci\u00f3n, asesoramiento y apoyo, si han sufrido abuso f\u00edsico, psicol\u00f3gico y\/o sexual o han sido amenazadas con dichos abusos. La violencia tiene muchas caras: Golpes, amenazas, gritos, privaci\u00f3n de la libertad, acoso sexual y violaci\u00f3n, acecho, matrimonio forzado, no ser tomada en [&hellip;]<\/p>\n","protected":false},"author":2,"featured_media":0,"parent":156,"menu_order":165,"comment_status":"closed","ping_status":"closed","template":"","meta":{"footnotes":""},"class_list":["post-210","page","type-page","status-publish","hentry"],"_links":{"self":[{"href":"https:\/\/www.frauenhaus-neumuenster.de\/inhalt\/index.php?rest_route=\/wp\/v2\/pages\/210","targetHints":{"allow":["GET"]}}],"collection":[{"href":"https:\/\/www.frauenhaus-neumuenster.de\/inhalt\/index.php?rest_route=\/wp\/v2\/pages"}],"about":[{"href":"https:\/\/www.frauenhaus-neumuenster.de\/inhalt\/index.php?rest_route=\/wp\/v2\/types\/page"}],"author":[{"embeddable":true,"href":"https:\/\/www.frauenhaus-neumuenster.de\/inhalt\/index.php?rest_route=\/wp\/v2\/users\/2"}],"replies":[{"embeddable":true,"href":"https:\/\/www.frauenhaus-neumuenster.de\/inhalt\/index.php?rest_route=%2Fwp%2Fv2%2Fcomments&post=210"}],"version-history":[{"count":8,"href":"https:\/\/www.frauenhaus-neumuenster.de\/inhalt\/index.php?rest_route=\/wp\/v2\/pages\/210\/revisions"}],"predecessor-version":[{"id":1207,"href":"https:\/\/www.frauenhaus-neumuenster.de\/inhalt\/index.php?rest_route=\/wp\/v2\/pages\/210\/revisions\/1207"}],"up":[{"embeddable":true,"href":"https:\/\/www.frauenhaus-neumuenster.de\/inhalt\/index.php?rest_route=\/wp\/v2\/pages\/156"}],"wp:attachment":[{"href":"https:\/\/www.frauenhaus-neumuenster.de\/inhalt\/index.php?rest_route=%2Fwp%2Fv2%2Fmedia&parent=210"}],"curies":[{"name":"wp","href":"https:\/\/api.w.org\/{rel}","templated":true}]}}