{"id":257,"date":"2012-03-12T08:03:12","date_gmt":"2012-03-12T08:03:12","guid":{"rendered":"http:\/\/www.frauenhaus-neumuenster.de\/inhalt\/?page_id=257"},"modified":"2022-10-23T16:11:57","modified_gmt":"2022-10-23T16:11:57","slug":"italiano","status":"publish","type":"page","link":"https:\/\/www.frauenhaus-neumuenster.de\/inhalt\/?page_id=257","title":{"rendered":"Italiano"},"content":{"rendered":"\n<p>Nella Casa Autonoma delle Donne le donne e i loro figli trovano protezione, consulenza e sostegno se hanno subito o rischiano di subire violenze fisiche, psicologiche e\/o sessuali.<\/p>\n\n\n\n<p>La violenza ha molte facce:<br>pestaggi, minacce, urla, rinchiusioni, molestie sessuali e stupri, stalking, matrimoni forzati, non essere prese sul serio, essere sorvegliate e controllate, mutilazioni genitali femminili (Female Genital Mutilation &#8211; FGM) e molto altro ancora.<\/p>\n\n\n\n<p>Ogni donna e i suoi figli che subiscono violenze o minacce da parte del marito, (ex) partner, della famiglia, del\/la vicino\/a o di altre persone possono trovare rifugio nella casa delle donne.<br>Ogni donna pu\u00f2 entrare nella casa delle donne, indipendentemente da:<br><\/p>\n\n\n\n<ul class=\"wp-block-list\"><li>Salute<\/li><li>Permesso di soggiorno<\/li><li>Situazione finanziaria<\/li><\/ul>\n\n\n\n<p>Le donne organizzano la loro vita quotidiana e rimangono nella casa delle donne per tutto il tempo necessario.<br>Le collaboratrici sono tenute a rispettare il segreto professionale.<\/p>\n\n\n\n<p><strong>La consulenza e la vita nella casa delle donne \u00e8 anonima e gratuita.<\/strong><\/p>\n\n\n\n<h2 class=\"has-text-align-center wp-block-heading\">Lista di emergenza <strong><\/strong><\/h2>\n\n\n\n<p>Al <strong>numero di telefono 04321-46733<\/strong> \u00e8 possibile raggiungere la Casa delle Donne di Neum\u00fcnster giorno e notte. Cos\u00ec \u00e8 possibile sapere se c&#8217;\u00e8 ancora un posto libero. In caso affermativo saranno trasmesse dalle collaboratrici tutte le ulteriori informazioni.<br><\/p>\n\n\n\n<p>Se possibile, si prega di portare i seguenti oggetti\/documenti:<\/p>\n\n\n\n<ul class=\"wp-block-list\"><li>Capi di abbigliamento<\/li><li>Prodotti per l&#8217;igiene<\/li><li>Documento d&#8217;identit\u00e0\/Documento d&#8217;identit\u00e0 per minorenni\/Passaporto<\/li><li>Certificato di nascita<\/li><li>Atto di matrimonio<\/li><li>Estratti conto bancari<\/li><li>Carta conto<\/li><li>Numero di identificazione fiscale<\/li><li>Contanti (se disponibili)<\/li><li>Tessera sanitaria<\/li><li>Farmaci importanti<\/li><li>Contratto d&#8217;affitto<\/li><li>Chiavi di casa<\/li><li>Numero assegnato per il contributo per i figli a carico (Kindergeldnummer)<\/li><li>Libretto sanitario infantile giallo (gelbes Untersuchungsheft)<\/li><li>Libretto di maternit\u00e0 (Mutterpass)<\/li><li>Certificato di vaccinazione<\/li><li>Materiale scolastico\/Certificati<\/li><li>Ordinanza di affidamento\/riconoscimento della paternit\u00e0<\/li><li>Giocattoli preferiti<\/li><\/ul>\n\n\n\n<p>Poich\u00e9 in seguito potrebbe essere difficile ottenere la documentazione mancante, La preghiamo di portare con s\u00e9 il pi\u00f9 possibile. <\/p>\n\n\n\n<p><strong>In caso di emergenza, per prima cosa metta sempre al sicuro s\u00e9 stessa e i Suoi figli!<\/strong><br><\/p>\n","protected":false},"excerpt":{"rendered":"<p>Nella Casa Autonoma delle Donne le donne e i loro figli trovano protezione, consulenza e sostegno se hanno subito o rischiano di subire violenze fisiche, psicologiche e\/o sessuali. La violenza ha molte facce:pestaggi, minacce, urla, rinchiusioni, molestie sessuali e stupri, stalking, matrimoni forzati, non essere prese sul serio, essere sorvegliate e controllate, mutilazioni genitali femminili [&hellip;]<\/p>\n","protected":false},"author":2,"featured_media":0,"parent":156,"menu_order":140,"comment_status":"closed","ping_status":"closed","template":"","meta":{"footnotes":""},"class_list":["post-257","page","type-page","status-publish","hentry"],"_links":{"self":[{"href":"https:\/\/www.frauenhaus-neumuenster.de\/inhalt\/index.php?rest_route=\/wp\/v2\/pages\/257","targetHints":{"allow":["GET"]}}],"collection":[{"href":"https:\/\/www.frauenhaus-neumuenster.de\/inhalt\/index.php?rest_route=\/wp\/v2\/pages"}],"about":[{"href":"https:\/\/www.frauenhaus-neumuenster.de\/inhalt\/index.php?rest_route=\/wp\/v2\/types\/page"}],"author":[{"embeddable":true,"href":"https:\/\/www.frauenhaus-neumuenster.de\/inhalt\/index.php?rest_route=\/wp\/v2\/users\/2"}],"replies":[{"embeddable":true,"href":"https:\/\/www.frauenhaus-neumuenster.de\/inhalt\/index.php?rest_route=%2Fwp%2Fv2%2Fcomments&post=257"}],"version-history":[{"count":14,"href":"https:\/\/www.frauenhaus-neumuenster.de\/inhalt\/index.php?rest_route=\/wp\/v2\/pages\/257\/revisions"}],"predecessor-version":[{"id":1187,"href":"https:\/\/www.frauenhaus-neumuenster.de\/inhalt\/index.php?rest_route=\/wp\/v2\/pages\/257\/revisions\/1187"}],"up":[{"embeddable":true,"href":"https:\/\/www.frauenhaus-neumuenster.de\/inhalt\/index.php?rest_route=\/wp\/v2\/pages\/156"}],"wp:attachment":[{"href":"https:\/\/www.frauenhaus-neumuenster.de\/inhalt\/index.php?rest_route=%2Fwp%2Fv2%2Fmedia&parent=257"}],"curies":[{"name":"wp","href":"https:\/\/api.w.org\/{rel}","templated":true}]}}