{"id":287,"date":"2012-03-23T06:52:04","date_gmt":"2012-03-23T06:52:04","guid":{"rendered":"http:\/\/www.frauenhaus-neumuenster.de\/inhalt\/?page_id=287"},"modified":"2022-10-23T16:11:37","modified_gmt":"2022-10-23T16:11:37","slug":"francais","status":"publish","type":"page","link":"https:\/\/www.frauenhaus-neumuenster.de\/inhalt\/?page_id=287","title":{"rendered":"Fran\u00e7ais"},"content":{"rendered":"\n<p>Dans le refuge autonome pour femmes, les femmes et leurs enfants peuvent trouver protection, conseils et soutien si elles ont \u00e9t\u00e9 sujet des violences physiques, morales et\/ou sexuelles ou si elles sont menac\u00e9es par celles-ci.<\/p>\n\n\n\n<p>La violence a plusieurs visages :<br>Violences physiques, menaces, engueulements, emprisonnement, harc\u00e8lement sexuel et viol, autres formes d\u00b4harc\u00e8lement, mariage forc\u00e9, \u00eatre ignor\u00e9e, surveill\u00e9e et contr\u00f4l\u00e9e, mutilations g\u00e9nitales f\u00e9minines (MGF) et bien plus encore.<\/p>\n\n\n\n<p>Toute femme, ainsi que ses enfants, victime de violence ou menac\u00e9es par son mari, (ex) partenaire, famille, voisin ou autres personnes peut trouver refuge dans le foyer pour femmes.<br>Toute femme peut venir au refuge pour femmes, peu importe<\/p>\n\n\n\n<ul class=\"wp-block-list\"><li>son \u00e9tat de sant\u00e9<\/li><li>son titre de s\u00e9jour<\/li><li>sa situation financi\u00e8re<\/li><\/ul>\n\n\n\n<p>Les femmes organisent elles-m\u00eames leur vie quotidienne et restent dans le refuge pour femmes aussi longtemps que cela leur parait n\u00e9cessaire.<br>Le personnel est tenu \u00e0 la confidentialit\u00e9.<\/p>\n\n\n\n<p><strong>Les conseils pr\u00e9sent\u00e9s ainsi que le s\u00e9jour dans le refuge pour femmes restent anonymes et gratuits.<\/strong><\/p>\n\n\n\n<h2 class=\"has-text-align-center wp-block-heading\">Liste d&#8217;urgences<\/h2>\n\n\n\n<p>Vous pouvez joindre le refuge pour femmes de Neum\u00fcnster jour et nuit en appelant le <strong>num\u00e9ro 04321- 46733<\/strong>. Vous en serez inform\u00e9e s&#8217;il y\u00b4a une place disponible. Si tel est le cas, le personnel vous fournira alors des informations suppl\u00e9mentaires.<\/p>\n\n\n\n<p>Si possible, veuillez apporter les \u00e9l\u00e9ments\/documents suivants avec vous:<\/p>\n\n\n\n<ul class=\"wp-block-list\"><li>V\u00eatements<\/li><li>Produits d&#8217;hygi\u00e8ne<\/li><li>Carte d&#8217;identit\u00e9\/carte d&#8217;identit\u00e9 enfant\/passeport<\/li><li>Acte de naissance<\/li><li>Acte de mariage<\/li><li>Relev\u00e9s de compte bancaire<\/li><li>Carte bancaire<\/li><li>Num\u00e9ro d&#8217;identification fiscale<\/li><li>Argent en esp\u00e8ces (si disponible)<\/li><li>Carte d&#8217;assurance maladie<\/li><li>M\u00e9dicaments importants<\/li><li>Contrat de location<\/li><li>Cl\u00e9 de l&#8217;appartement<\/li><li>Num\u00e9ro d&#8217;allocations familiales<\/li><li>livret jaune d&#8217;examens m\u00e9dicaux<\/li><li>Passeport Maternit\u00e9<\/li><li>Carnet de vaccination<\/li><li>Fournitures scolaires\/rapports et certificats<\/li><li>Ordonnance de garde\/Acte de reconnaissance de paternit\u00e9<\/li><li>Jouet pr\u00e9f\u00e9r\u00e9<\/li><li>Comme il vous sera peut-\u00eatre difficile d&#8217;obtenir les documents manquants par la suite, veuillez en emporter le plus possible avec vous.<\/li><\/ul>\n\n\n\n<p><strong>En cas d&#8217;urgence, mettez toujours vos enfants et vous-m\u00eame en s\u00e9curit\u00e9 en premier<\/strong>.<\/p>\n","protected":false},"excerpt":{"rendered":"<p>Dans le refuge autonome pour femmes, les femmes et leurs enfants peuvent trouver protection, conseils et soutien si elles ont \u00e9t\u00e9 sujet des violences physiques, morales et\/ou sexuelles ou si elles sont menac\u00e9es par celles-ci. La violence a plusieurs visages :Violences physiques, menaces, engueulements, emprisonnement, harc\u00e8lement sexuel et viol, autres formes d\u00b4harc\u00e8lement, mariage forc\u00e9, \u00eatre [&hellip;]<\/p>\n","protected":false},"author":2,"featured_media":0,"parent":156,"menu_order":135,"comment_status":"closed","ping_status":"closed","template":"","meta":{"footnotes":""},"class_list":["post-287","page","type-page","status-publish","hentry"],"_links":{"self":[{"href":"https:\/\/www.frauenhaus-neumuenster.de\/inhalt\/index.php?rest_route=\/wp\/v2\/pages\/287","targetHints":{"allow":["GET"]}}],"collection":[{"href":"https:\/\/www.frauenhaus-neumuenster.de\/inhalt\/index.php?rest_route=\/wp\/v2\/pages"}],"about":[{"href":"https:\/\/www.frauenhaus-neumuenster.de\/inhalt\/index.php?rest_route=\/wp\/v2\/types\/page"}],"author":[{"embeddable":true,"href":"https:\/\/www.frauenhaus-neumuenster.de\/inhalt\/index.php?rest_route=\/wp\/v2\/users\/2"}],"replies":[{"embeddable":true,"href":"https:\/\/www.frauenhaus-neumuenster.de\/inhalt\/index.php?rest_route=%2Fwp%2Fv2%2Fcomments&post=287"}],"version-history":[{"count":9,"href":"https:\/\/www.frauenhaus-neumuenster.de\/inhalt\/index.php?rest_route=\/wp\/v2\/pages\/287\/revisions"}],"predecessor-version":[{"id":1185,"href":"https:\/\/www.frauenhaus-neumuenster.de\/inhalt\/index.php?rest_route=\/wp\/v2\/pages\/287\/revisions\/1185"}],"up":[{"embeddable":true,"href":"https:\/\/www.frauenhaus-neumuenster.de\/inhalt\/index.php?rest_route=\/wp\/v2\/pages\/156"}],"wp:attachment":[{"href":"https:\/\/www.frauenhaus-neumuenster.de\/inhalt\/index.php?rest_route=%2Fwp%2Fv2%2Fmedia&parent=287"}],"curies":[{"name":"wp","href":"https:\/\/api.w.org\/{rel}","templated":true}]}}