{"id":51,"date":"2011-04-22T17:36:05","date_gmt":"2011-04-22T15:36:05","guid":{"rendered":"http:\/\/www.frauenhaus-neumuenster.de\/wp\/?page_id=51"},"modified":"2013-09-10T17:17:02","modified_gmt":"2013-09-10T17:17:02","slug":"saule-der-gewalt","status":"publish","type":"page","link":"https:\/\/www.frauenhaus-neumuenster.de\/inhalt\/?page_id=51","title":{"rendered":"S\u00e4ule der Gewalt"},"content":{"rendered":"<p><a title=\"Notfallliste\" href=\"http:\/\/www.frauenhaus-neumuenster.de\/inhalt\/notfallliste.html\" target=\"_blank\"><img loading=\"lazy\" decoding=\"async\" class=\"size-full wp-image-534 alignright\" alt=\"Notfall-Liste\" src=\"http:\/\/www.frauenhaus-neumuenster.de\/inhalt\/wp-content\/uploads\/notfall-liste-button.png\" width=\"150\" height=\"60\" \/><\/a><\/p>\n<p><strong>Kunstaktion zum 30.Jubil\u00e4um<\/strong><\/p>\n<p><a href=\"http:\/\/www.frauenhaus-neumuenster.de\/inhalt\/wp-content\/uploads\/saeule_1.jpg\"><img loading=\"lazy\" decoding=\"async\" class=\"alignright size-medium wp-image-368\" title=\"saeule_1\" src=\"http:\/\/www.frauenhaus-neumuenster.de\/inhalt\/wp-content\/uploads\/saeule_1-300x200.jpg\" alt=\"\" width=\"300\" height=\"200\" srcset=\"https:\/\/www.frauenhaus-neumuenster.de\/inhalt\/wp-content\/uploads\/saeule_1-300x200.jpg 300w, https:\/\/www.frauenhaus-neumuenster.de\/inhalt\/wp-content\/uploads\/saeule_1.jpg 1024w\" sizes=\"auto, (max-width: 300px) 100vw, 300px\" \/><\/a>Anl\u00e4sslich des 30. Jahrestages haben wir, das Autonome Frauenhaus Neum\u00fcnster, in Zusammenarbeit mit der K\u00fcnstlerin Susanne Kallenbach eine \u201eS\u00e4ule der Gewalt\u201c entstehen lassen.<\/p>\n<p>Unser Ziel ist es, das Private \u00f6ffentlich zu machen und, dass die Idee der Frauenh\u00e4user noch nicht \u00fcberholt ist.<\/p>\n<p>Trotz Fortschritts, Wohlstands und Bildung ist Gewalt und Grausamkeit in der Familie \u2013 besonders gegen Frauen und Kinder \u2013 noch immer Thema.<\/p>\n<p>Im Jahr 2009 haben sich Frauen, die Gewalt erlebt haben oder sich mit dem Thema besch\u00e4ftigen und auseinandersetzen, getroffen um ihre Gedanken, Erinnerungen und Gef\u00fchle in weiche Klinkersteine einzudr\u00fccken, zu pressen, die Steine zu modellieren oder sich auf andere Weise auszudr\u00fccken.<\/p>\n<p>Nach langen Verhandlungen mit der Stadt konnten wir die S\u00e4ule im Fr\u00fchjahr 2010 mauern lassen und am 1. Juli 2010 offiziell einweihen.<\/p>\n<p>Heute steht die S\u00e4ule an Teichufer neben Karstadt und ist im Besitz der Stadt Neum\u00fcnster.<\/p>\n<p><a href=\"http:\/\/www.frauenhaus-neumuenster.de\/inhalt\/wp-content\/uploads\/saeule_21.jpg\"><img loading=\"lazy\" decoding=\"async\" class=\"aligncenter size-full wp-image-371\" title=\"saeule_2\" src=\"http:\/\/www.frauenhaus-neumuenster.de\/inhalt\/wp-content\/uploads\/saeule_21.jpg\" alt=\"\" width=\"1024\" height=\"768\" srcset=\"https:\/\/www.frauenhaus-neumuenster.de\/inhalt\/wp-content\/uploads\/saeule_21.jpg 1024w, https:\/\/www.frauenhaus-neumuenster.de\/inhalt\/wp-content\/uploads\/saeule_21-300x225.jpg 300w\" sizes=\"auto, (max-width: 1024px) 100vw, 1024px\" \/><\/a><\/p>\n<p><a href=\"http:\/\/www.frauenhaus-neumuenster.de\/inhalt\/wp-content\/uploads\/saeule_3.jpg\"><img loading=\"lazy\" decoding=\"async\" class=\"aligncenter size-full wp-image-370\" title=\"saeule_3\" src=\"http:\/\/www.frauenhaus-neumuenster.de\/inhalt\/wp-content\/uploads\/saeule_3.jpg\" alt=\"\" width=\"1024\" height=\"768\" srcset=\"https:\/\/www.frauenhaus-neumuenster.de\/inhalt\/wp-content\/uploads\/saeule_3.jpg 1024w, https:\/\/www.frauenhaus-neumuenster.de\/inhalt\/wp-content\/uploads\/saeule_3-300x225.jpg 300w\" sizes=\"auto, (max-width: 1024px) 100vw, 1024px\" \/><\/a><\/p>\n","protected":false},"excerpt":{"rendered":"<p>Kunstaktion zum 30.Jubil\u00e4um Anl\u00e4sslich des 30. Jahrestages haben wir, das Autonome Frauenhaus Neum\u00fcnster, in Zusammenarbeit mit der K\u00fcnstlerin Susanne Kallenbach eine \u201eS\u00e4ule der Gewalt\u201c entstehen lassen. Unser Ziel ist es, das Private \u00f6ffentlich zu machen und, dass die Idee der Frauenh\u00e4user noch nicht \u00fcberholt ist. Trotz Fortschritts, Wohlstands und Bildung ist Gewalt und Grausamkeit in [&hellip;]<\/p>\n","protected":false},"author":2,"featured_media":0,"parent":49,"menu_order":0,"comment_status":"closed","ping_status":"closed","template":"","meta":{"footnotes":""},"class_list":["post-51","page","type-page","status-publish","hentry"],"_links":{"self":[{"href":"https:\/\/www.frauenhaus-neumuenster.de\/inhalt\/index.php?rest_route=\/wp\/v2\/pages\/51","targetHints":{"allow":["GET"]}}],"collection":[{"href":"https:\/\/www.frauenhaus-neumuenster.de\/inhalt\/index.php?rest_route=\/wp\/v2\/pages"}],"about":[{"href":"https:\/\/www.frauenhaus-neumuenster.de\/inhalt\/index.php?rest_route=\/wp\/v2\/types\/page"}],"author":[{"embeddable":true,"href":"https:\/\/www.frauenhaus-neumuenster.de\/inhalt\/index.php?rest_route=\/wp\/v2\/users\/2"}],"replies":[{"embeddable":true,"href":"https:\/\/www.frauenhaus-neumuenster.de\/inhalt\/index.php?rest_route=%2Fwp%2Fv2%2Fcomments&post=51"}],"version-history":[{"count":7,"href":"https:\/\/www.frauenhaus-neumuenster.de\/inhalt\/index.php?rest_route=\/wp\/v2\/pages\/51\/revisions"}],"predecessor-version":[{"id":550,"href":"https:\/\/www.frauenhaus-neumuenster.de\/inhalt\/index.php?rest_route=\/wp\/v2\/pages\/51\/revisions\/550"}],"up":[{"embeddable":true,"href":"https:\/\/www.frauenhaus-neumuenster.de\/inhalt\/index.php?rest_route=\/wp\/v2\/pages\/49"}],"wp:attachment":[{"href":"https:\/\/www.frauenhaus-neumuenster.de\/inhalt\/index.php?rest_route=%2Fwp%2Fv2%2Fmedia&parent=51"}],"curies":[{"name":"wp","href":"https:\/\/api.w.org\/{rel}","templated":true}]}}