{"id":66,"date":"2011-04-22T17:39:55","date_gmt":"2011-04-22T15:39:55","guid":{"rendered":"http:\/\/www.frauenhaus-neumuenster.de\/wp\/?page_id=66"},"modified":"2026-01-06T12:00:47","modified_gmt":"2026-01-06T12:00:47","slug":"spendenkonto","status":"publish","type":"page","link":"https:\/\/www.frauenhaus-neumuenster.de\/inhalt\/?page_id=66","title":{"rendered":"Spendenkonto"},"content":{"rendered":"<p>Das Frauenhaus finanziert sich aus Geldern der Stadt und des Landes. Oft reichen diese Mittel jedoch nicht aus, so dass wir auch auf Spenden angewiesen sind.<\/p>\n<p>Von diesen Geldern machen wir Ausfl\u00fcge mit den Kindern und Bewohnerinnen, bieten Freizeitkurse an und k\u00f6nnen Extra -Anschaffungen (z.B. f\u00fcr den Kinderbereich) bezahlen.<\/p>\n<p>Wenn Sie bereit sind, unsere Arbeit mit einer Spende zu unterst\u00fctzen, bitten wir Sie, das Geld auf unser Konto bei der <em>VR Bank zwischen den Meeren<\/em>\u00a0zu \u00fcberweisen:<\/p>\n<p style=\"padding-left: 30px;\"><em>Kontoinhaberin: <\/em>Frauenhaus-Initiative Neum\u00fcnster e.V.<em><br \/>\nIBAN:<\/em> DE68 2139 0008 0003 2255 69<br \/>\n<em>BIC:<\/em> GENODEF1NMS<\/p>\n<p>Selbstverst\u00e4ndlich sind wir auch gerne dazu bereit, auf Wunsch eine Spendenbescheinigung auszustellen.<\/p>\n","protected":false},"excerpt":{"rendered":"<p>Das Frauenhaus finanziert sich aus Geldern der Stadt und des Landes. Oft reichen diese Mittel jedoch nicht aus, so dass wir auch auf Spenden angewiesen sind. Von diesen Geldern machen wir Ausfl\u00fcge mit den Kindern und Bewohnerinnen, bieten Freizeitkurse an und k\u00f6nnen Extra -Anschaffungen (z.B. f\u00fcr den Kinderbereich) bezahlen. Wenn Sie bereit sind, unsere Arbeit [&hellip;]<\/p>\n","protected":false},"author":2,"featured_media":0,"parent":0,"menu_order":90,"comment_status":"closed","ping_status":"closed","template":"","meta":{"footnotes":""},"class_list":["post-66","page","type-page","status-publish","hentry"],"_links":{"self":[{"href":"https:\/\/www.frauenhaus-neumuenster.de\/inhalt\/index.php?rest_route=\/wp\/v2\/pages\/66","targetHints":{"allow":["GET"]}}],"collection":[{"href":"https:\/\/www.frauenhaus-neumuenster.de\/inhalt\/index.php?rest_route=\/wp\/v2\/pages"}],"about":[{"href":"https:\/\/www.frauenhaus-neumuenster.de\/inhalt\/index.php?rest_route=\/wp\/v2\/types\/page"}],"author":[{"embeddable":true,"href":"https:\/\/www.frauenhaus-neumuenster.de\/inhalt\/index.php?rest_route=\/wp\/v2\/users\/2"}],"replies":[{"embeddable":true,"href":"https:\/\/www.frauenhaus-neumuenster.de\/inhalt\/index.php?rest_route=%2Fwp%2Fv2%2Fcomments&post=66"}],"version-history":[{"count":12,"href":"https:\/\/www.frauenhaus-neumuenster.de\/inhalt\/index.php?rest_route=\/wp\/v2\/pages\/66\/revisions"}],"predecessor-version":[{"id":1360,"href":"https:\/\/www.frauenhaus-neumuenster.de\/inhalt\/index.php?rest_route=\/wp\/v2\/pages\/66\/revisions\/1360"}],"wp:attachment":[{"href":"https:\/\/www.frauenhaus-neumuenster.de\/inhalt\/index.php?rest_route=%2Fwp%2Fv2%2Fmedia&parent=66"}],"curies":[{"name":"wp","href":"https:\/\/api.w.org\/{rel}","templated":true}]}}