{"id":68,"date":"2011-04-22T17:40:04","date_gmt":"2011-04-22T15:40:04","guid":{"rendered":"http:\/\/www.frauenhaus-neumuenster.de\/wp\/?page_id=68"},"modified":"2022-10-28T11:51:24","modified_gmt":"2022-10-28T11:51:24","slug":"impressum","status":"publish","type":"page","link":"https:\/\/www.frauenhaus-neumuenster.de\/inhalt\/?page_id=68","title":{"rendered":"Kontakt und Impressum"},"content":{"rendered":"<p><strong>Postanschrift:<\/strong><br>Autonomes Frauenhaus Neum\u00fcnster<br>Postfach 1552<br>24505 Neum\u00fcnster<\/p>\n<p><strong>Telefon:<\/strong><br>04321 \/ 4 67 33<\/p>\n<p><strong>Fax:<\/strong><br>04321 \/ 4 68 73<\/p>\n<p><strong>E-Mail:<\/strong><br>info@frauenhaus-neumuenster.de<\/p>\n<p><strong>Links:<\/strong><big><strong><br><\/strong><\/big>Wir haben auf unseren Seiten Links zu anderen Seiten im Internet gesetzt. Diese Links sind als Empfehlung zu werten; zumindest halten wir es f\u00fcr sinnvoll, auf die verlinkten Information hinzuweisen. Dies betrifft den Stand zum Zeitpunkt der Verlinkung. Da es nicht m\u00f6glich ist, st\u00e4ndig alle verlinkten Seiten auf die m\u00f6gliche Ver\u00e4nderung ihres Inhalts zu \u00fcberpr\u00fcfen, sind wir nicht verantwortlich f\u00fcr rechtswidrige oder strafbare Inhalte dort. Hinweise auf m\u00f6glicherweise bedenkliche Inhalte hinter den Links nehmen wir gerne an und pr\u00fcfen sie.<\/p>\n<p><\/p>\n\n\n<figure class=\"wp-block-image size-large is-resized\"><img loading=\"lazy\" decoding=\"async\" src=\"https:\/\/www.frauenhaus-neumuenster.de\/inhalt\/wp-content\/uploads\/BMFSFJ_Zuschnitt2-1024x498.jpg\" alt=\"\" class=\"wp-image-1251\" width=\"512\" height=\"249\" srcset=\"https:\/\/www.frauenhaus-neumuenster.de\/inhalt\/wp-content\/uploads\/BMFSFJ_Zuschnitt2-1024x498.jpg 1024w, https:\/\/www.frauenhaus-neumuenster.de\/inhalt\/wp-content\/uploads\/BMFSFJ_Zuschnitt2-300x146.jpg 300w, https:\/\/www.frauenhaus-neumuenster.de\/inhalt\/wp-content\/uploads\/BMFSFJ_Zuschnitt2-768x373.jpg 768w, https:\/\/www.frauenhaus-neumuenster.de\/inhalt\/wp-content\/uploads\/BMFSFJ_Zuschnitt2-1536x747.jpg 1536w, https:\/\/www.frauenhaus-neumuenster.de\/inhalt\/wp-content\/uploads\/BMFSFJ_Zuschnitt2.jpg 1637w\" sizes=\"auto, (max-width: 512px) 100vw, 512px\" \/><\/figure>\n","protected":false},"excerpt":{"rendered":"<p>Postanschrift:Autonomes Frauenhaus Neum\u00fcnsterPostfach 155224505 Neum\u00fcnster Telefon:04321 \/ 4 67 33 Fax:04321 \/ 4 68 73 E-Mail:info@frauenhaus-neumuenster.de Links:Wir haben auf unseren Seiten Links zu anderen Seiten im Internet gesetzt. Diese Links sind als Empfehlung zu werten; zumindest halten wir es f\u00fcr sinnvoll, auf die verlinkten Information hinzuweisen. Dies betrifft den Stand zum Zeitpunkt der Verlinkung. Da [&hellip;]<\/p>\n","protected":false},"author":2,"featured_media":0,"parent":0,"menu_order":100,"comment_status":"closed","ping_status":"closed","template":"","meta":{"footnotes":""},"class_list":["post-68","page","type-page","status-publish","hentry"],"_links":{"self":[{"href":"https:\/\/www.frauenhaus-neumuenster.de\/inhalt\/index.php?rest_route=\/wp\/v2\/pages\/68","targetHints":{"allow":["GET"]}}],"collection":[{"href":"https:\/\/www.frauenhaus-neumuenster.de\/inhalt\/index.php?rest_route=\/wp\/v2\/pages"}],"about":[{"href":"https:\/\/www.frauenhaus-neumuenster.de\/inhalt\/index.php?rest_route=\/wp\/v2\/types\/page"}],"author":[{"embeddable":true,"href":"https:\/\/www.frauenhaus-neumuenster.de\/inhalt\/index.php?rest_route=\/wp\/v2\/users\/2"}],"replies":[{"embeddable":true,"href":"https:\/\/www.frauenhaus-neumuenster.de\/inhalt\/index.php?rest_route=%2Fwp%2Fv2%2Fcomments&post=68"}],"version-history":[{"count":15,"href":"https:\/\/www.frauenhaus-neumuenster.de\/inhalt\/index.php?rest_route=\/wp\/v2\/pages\/68\/revisions"}],"predecessor-version":[{"id":1252,"href":"https:\/\/www.frauenhaus-neumuenster.de\/inhalt\/index.php?rest_route=\/wp\/v2\/pages\/68\/revisions\/1252"}],"wp:attachment":[{"href":"https:\/\/www.frauenhaus-neumuenster.de\/inhalt\/index.php?rest_route=%2Fwp%2Fv2%2Fmedia&parent=68"}],"curies":[{"name":"wp","href":"https:\/\/api.w.org\/{rel}","templated":true}]}}