{"id":8,"date":"2011-04-22T08:12:48","date_gmt":"2011-04-22T08:12:48","guid":{"rendered":"http:\/\/www.frauenhaus-neumuenster.de\/wp\/?page_id=7"},"modified":"2026-04-15T05:54:17","modified_gmt":"2026-04-15T05:54:17","slug":"home","status":"publish","type":"page","link":"https:\/\/www.frauenhaus-neumuenster.de\/inhalt\/","title":{"rendered":"Startseite"},"content":{"rendered":"<div class=\"wp-block-image\">\n<figure class=\"alignright\"><a href=\"https:\/\/www.frauenhaus-neumuenster.de\/inhalt\/?page_id=1141\"><img loading=\"lazy\" decoding=\"async\" width=\"150\" height=\"60\" src=\"http:\/\/www.frauenhaus-neumuenster.de\/inhalt\/wp-content\/uploads\/notfall-liste-button.png\" alt=\"Notfall-Liste\" class=\"wp-image-534\"\/><\/a><\/figure>\n<\/div>\n\n\n<p>Im Autonomen Frauenhaus finden Frauen und ihre Kinder Schutz, Beratung und Unterst\u00fctzung, wenn sie k\u00f6rperliche, seelische und\/oder sexualisierte Gewalt erfahren haben oder davon bedroht sind.<\/p>\n\n\n\n<p>Gewalt hat viele Gesichter:<br>Schl\u00e4ge, Drohungen, Anschreien, einsperren, sexuelle Bel\u00e4stigung und Vergewaltigung, Stalking, Zwangsverheiratung, nicht ernst genommen werden, \u00fcberwacht und kontrolliert werden, Genitalverst\u00fcmmelung (Female Genital Mutilation &#8211; FGM) und vieles mehr.<\/p>\n\n\n\n<p>Jede Frau und ihre Kinder, die von ihrem Ehemann, (Ex-) Partner<em>in, Familie, Nachbar<\/em>in oder anderen Personen Gewalt erfahren oder bedroht werden, k\u00f6nnen im Frauenhaus Zuflucht finden.<br>Jede Frau kann ins Frauenhaus kommen, unabh\u00e4ngig von<\/p>\n\n\n\n<ul class=\"wp-block-list\">\n<li>Gesundheit<\/li>\n\n\n\n<li>Aufenthaltstitel<\/li>\n\n\n\n<li>ihrer finanziellen Situation<\/li>\n<\/ul>\n\n\n\n<p>Die Frauen organisieren ihr allt\u00e4gliches Leben selbst und bleiben so lange im Frauenhaus, wie es f\u00fcr sie n\u00f6tig ist.<br>Die Mitarbeiterinnen sind an die Schweigepflicht gebunden.<\/p>\n\n\n\n<p class=\"has-text-align-center\"><strong>Die Beratung und das Wohnen im Frauenhaus ist anonym, kostenlos.<br>Sie erreichen uns Tag und Nacht unter 04321-46733.<\/strong><\/p>\n\n\n\n<p><\/p>\n\n\n\n<p><\/p>\n\n\n\n<hr class=\"wp-block-separator has-css-opacity\"\/>\n\n\n\n<h2 class=\"wp-block-heading\"><a href=\"https:\/\/www.frauenhaus-neumuenster.de\/inhalt\/?page_id=15\" data-type=\"page\" data-id=\"15\">Schatten, Licht und Tastenkl\u00e4nge &#8211; \u201eRoman Noir\u201c im Savoy Kino-Theater f\u00fcr das Frauenhaus Neum\u00fcnster<\/a><\/h2>\n\n\n\n<p>Benefizveranstaltung am 8. Mai 2026 zugunsten des Frauenhauses Neum\u00fcnster.<\/p>\n","protected":false},"excerpt":{"rendered":"<p>Im Autonomen Frauenhaus finden Frauen und ihre Kinder Schutz, Beratung und Unterst\u00fctzung, wenn sie k\u00f6rperliche, seelische und\/oder sexualisierte Gewalt erfahren haben oder davon bedroht sind. Gewalt hat viele Gesichter:Schl\u00e4ge, Drohungen, Anschreien, einsperren, sexuelle Bel\u00e4stigung und Vergewaltigung, Stalking, Zwangsverheiratung, nicht ernst genommen werden, \u00fcberwacht und kontrolliert werden, Genitalverst\u00fcmmelung (Female Genital Mutilation &#8211; FGM) und vieles mehr. [&hellip;]<\/p>\n","protected":false},"author":2,"featured_media":0,"parent":0,"menu_order":1,"comment_status":"closed","ping_status":"closed","template":"","meta":{"footnotes":""},"class_list":["post-8","page","type-page","status-publish","hentry"],"_links":{"self":[{"href":"https:\/\/www.frauenhaus-neumuenster.de\/inhalt\/index.php?rest_route=\/wp\/v2\/pages\/8","targetHints":{"allow":["GET"]}}],"collection":[{"href":"https:\/\/www.frauenhaus-neumuenster.de\/inhalt\/index.php?rest_route=\/wp\/v2\/pages"}],"about":[{"href":"https:\/\/www.frauenhaus-neumuenster.de\/inhalt\/index.php?rest_route=\/wp\/v2\/types\/page"}],"author":[{"embeddable":true,"href":"https:\/\/www.frauenhaus-neumuenster.de\/inhalt\/index.php?rest_route=\/wp\/v2\/users\/2"}],"replies":[{"embeddable":true,"href":"https:\/\/www.frauenhaus-neumuenster.de\/inhalt\/index.php?rest_route=%2Fwp%2Fv2%2Fcomments&post=8"}],"version-history":[{"count":151,"href":"https:\/\/www.frauenhaus-neumuenster.de\/inhalt\/index.php?rest_route=\/wp\/v2\/pages\/8\/revisions"}],"predecessor-version":[{"id":1367,"href":"https:\/\/www.frauenhaus-neumuenster.de\/inhalt\/index.php?rest_route=\/wp\/v2\/pages\/8\/revisions\/1367"}],"wp:attachment":[{"href":"https:\/\/www.frauenhaus-neumuenster.de\/inhalt\/index.php?rest_route=%2Fwp%2Fv2%2Fmedia&parent=8"}],"curies":[{"name":"wp","href":"https:\/\/api.w.org\/{rel}","templated":true}]}}