{"id":990,"date":"2019-09-30T20:00:54","date_gmt":"2019-09-30T20:00:54","guid":{"rendered":"http:\/\/www.frauenhaus-neumuenster.de\/inhalt\/?page_id=990"},"modified":"2019-10-01T17:57:25","modified_gmt":"2019-10-01T17:57:25","slug":"gepackt-aufbruch-in-ein-neues-leben","status":"publish","type":"page","link":"https:\/\/www.frauenhaus-neumuenster.de\/inhalt\/?page_id=990","title":{"rendered":"Gepackt! Aufbruch in ein neues Leben"},"content":{"rendered":"\n<p>Wanderausstellung zum 40 j\u00e4hrigen Bestehen des Autonomen Frauenhauses Neum\u00fcnster<\/p>\n\n\n\n<p class=\"has-small-font-size\">(Hinweis: F\u00fcr eine vergr\u00f6\u00dferte Ansicht klicken Sie bitte auf den Beitrag.)<\/p>\n\n\n\n<p><\/p>\n\n\n\n<figure class=\"wp-block-image\"><a href=\"http:\/\/www.frauenhaus-neumuenster.de\/inhalt\/wp-content\/uploads\/Banner-80x200cm-1.jpg\"><img loading=\"lazy\" decoding=\"async\" width=\"4843\" height=\"11929\" src=\"http:\/\/www.frauenhaus-neumuenster.de\/inhalt\/wp-content\/uploads\/Banner-80x200cm-1.jpg\" alt=\"\" class=\"wp-image-976\" srcset=\"https:\/\/www.frauenhaus-neumuenster.de\/inhalt\/wp-content\/uploads\/Banner-80x200cm-1.jpg 4843w, https:\/\/www.frauenhaus-neumuenster.de\/inhalt\/wp-content\/uploads\/Banner-80x200cm-1-122x300.jpg 122w, https:\/\/www.frauenhaus-neumuenster.de\/inhalt\/wp-content\/uploads\/Banner-80x200cm-1-768x1892.jpg 768w, https:\/\/www.frauenhaus-neumuenster.de\/inhalt\/wp-content\/uploads\/Banner-80x200cm-1-416x1024.jpg 416w\" sizes=\"auto, (max-width: 4843px) 100vw, 4843px\" \/><\/a><\/figure>\n\n\n\n<figure class=\"wp-block-image\"><a href=\"http:\/\/www.frauenhaus-neumuenster.de\/inhalt\/wp-content\/uploads\/Text-1.jpg\"><img loading=\"lazy\" decoding=\"async\" width=\"1024\" height=\"683\" src=\"http:\/\/www.frauenhaus-neumuenster.de\/inhalt\/wp-content\/uploads\/Text-1-1024x683.jpg\" alt=\"\" class=\"wp-image-977\" srcset=\"https:\/\/www.frauenhaus-neumuenster.de\/inhalt\/wp-content\/uploads\/Text-1-1024x683.jpg 1024w, https:\/\/www.frauenhaus-neumuenster.de\/inhalt\/wp-content\/uploads\/Text-1-300x200.jpg 300w, https:\/\/www.frauenhaus-neumuenster.de\/inhalt\/wp-content\/uploads\/Text-1-768x512.jpg 768w\" sizes=\"auto, (max-width: 1024px) 100vw, 1024px\" \/><\/a><\/figure>\n\n\n\n<figure class=\"wp-block-image\"><a href=\"http:\/\/www.frauenhaus-neumuenster.de\/inhalt\/wp-content\/uploads\/Text-2.jpg\"><img loading=\"lazy\" decoding=\"async\" width=\"1024\" height=\"683\" src=\"http:\/\/www.frauenhaus-neumuenster.de\/inhalt\/wp-content\/uploads\/Text-2-1024x683.jpg\" alt=\"\" class=\"wp-image-978\" srcset=\"https:\/\/www.frauenhaus-neumuenster.de\/inhalt\/wp-content\/uploads\/Text-2-1024x683.jpg 1024w, https:\/\/www.frauenhaus-neumuenster.de\/inhalt\/wp-content\/uploads\/Text-2-300x200.jpg 300w, https:\/\/www.frauenhaus-neumuenster.de\/inhalt\/wp-content\/uploads\/Text-2-768x512.jpg 768w\" sizes=\"auto, (max-width: 1024px) 100vw, 1024px\" \/><\/a><\/figure>\n\n\n\n<figure class=\"wp-block-image\"><a href=\"http:\/\/www.frauenhaus-neumuenster.de\/inhalt\/wp-content\/uploads\/Text3neu.jpg\"><img loading=\"lazy\" decoding=\"async\" width=\"1024\" height=\"683\" src=\"http:\/\/www.frauenhaus-neumuenster.de\/inhalt\/wp-content\/uploads\/Text3neu-1024x683.jpg\" alt=\"\" class=\"wp-image-989\" srcset=\"https:\/\/www.frauenhaus-neumuenster.de\/inhalt\/wp-content\/uploads\/Text3neu-1024x683.jpg 1024w, https:\/\/www.frauenhaus-neumuenster.de\/inhalt\/wp-content\/uploads\/Text3neu-300x200.jpg 300w, https:\/\/www.frauenhaus-neumuenster.de\/inhalt\/wp-content\/uploads\/Text3neu-768x512.jpg 768w\" sizes=\"auto, (max-width: 1024px) 100vw, 1024px\" \/><\/a><\/figure>\n\n\n\n<figure class=\"wp-block-image\"><a href=\"http:\/\/www.frauenhaus-neumuenster.de\/inhalt\/wp-content\/uploads\/Text-4.jpg\"><img loading=\"lazy\" decoding=\"async\" width=\"1024\" height=\"683\" src=\"http:\/\/www.frauenhaus-neumuenster.de\/inhalt\/wp-content\/uploads\/Text-4-1024x683.jpg\" alt=\"\" class=\"wp-image-979\" srcset=\"https:\/\/www.frauenhaus-neumuenster.de\/inhalt\/wp-content\/uploads\/Text-4-1024x683.jpg 1024w, https:\/\/www.frauenhaus-neumuenster.de\/inhalt\/wp-content\/uploads\/Text-4-300x200.jpg 300w, https:\/\/www.frauenhaus-neumuenster.de\/inhalt\/wp-content\/uploads\/Text-4-768x512.jpg 768w\" sizes=\"auto, (max-width: 1024px) 100vw, 1024px\" \/><\/a><\/figure>\n\n\n\n<figure class=\"wp-block-image\"><a href=\"http:\/\/www.frauenhaus-neumuenster.de\/inhalt\/wp-content\/uploads\/Text-5.jpg\"><img loading=\"lazy\" decoding=\"async\" width=\"683\" height=\"1024\" src=\"http:\/\/www.frauenhaus-neumuenster.de\/inhalt\/wp-content\/uploads\/Text-5-683x1024.jpg\" alt=\"\" class=\"wp-image-980\" srcset=\"https:\/\/www.frauenhaus-neumuenster.de\/inhalt\/wp-content\/uploads\/Text-5-683x1024.jpg 683w, https:\/\/www.frauenhaus-neumuenster.de\/inhalt\/wp-content\/uploads\/Text-5-200x300.jpg 200w, https:\/\/www.frauenhaus-neumuenster.de\/inhalt\/wp-content\/uploads\/Text-5-768x1152.jpg 768w\" sizes=\"auto, (max-width: 683px) 100vw, 683px\" \/><\/a><\/figure>\n\n\n\n<figure class=\"wp-block-image\"><a href=\"http:\/\/www.frauenhaus-neumuenster.de\/inhalt\/wp-content\/uploads\/Text-6.jpg\"><img loading=\"lazy\" decoding=\"async\" width=\"1024\" height=\"683\" src=\"http:\/\/www.frauenhaus-neumuenster.de\/inhalt\/wp-content\/uploads\/Text-6-1024x683.jpg\" alt=\"\" class=\"wp-image-981\" srcset=\"https:\/\/www.frauenhaus-neumuenster.de\/inhalt\/wp-content\/uploads\/Text-6-1024x683.jpg 1024w, https:\/\/www.frauenhaus-neumuenster.de\/inhalt\/wp-content\/uploads\/Text-6-300x200.jpg 300w, https:\/\/www.frauenhaus-neumuenster.de\/inhalt\/wp-content\/uploads\/Text-6-768x512.jpg 768w\" sizes=\"auto, (max-width: 1024px) 100vw, 1024px\" \/><\/a><\/figure>\n\n\n\n<figure class=\"wp-block-image\"><a href=\"http:\/\/www.frauenhaus-neumuenster.de\/inhalt\/wp-content\/uploads\/Text-7.jpg\"><img loading=\"lazy\" decoding=\"async\" width=\"1024\" height=\"683\" src=\"http:\/\/www.frauenhaus-neumuenster.de\/inhalt\/wp-content\/uploads\/Text-7-1024x683.jpg\" alt=\"\" class=\"wp-image-982\" srcset=\"https:\/\/www.frauenhaus-neumuenster.de\/inhalt\/wp-content\/uploads\/Text-7-1024x683.jpg 1024w, https:\/\/www.frauenhaus-neumuenster.de\/inhalt\/wp-content\/uploads\/Text-7-300x200.jpg 300w, https:\/\/www.frauenhaus-neumuenster.de\/inhalt\/wp-content\/uploads\/Text-7-768x512.jpg 768w\" sizes=\"auto, (max-width: 1024px) 100vw, 1024px\" \/><\/a><\/figure>\n\n\n\n<figure class=\"wp-block-image\"><a href=\"http:\/\/www.frauenhaus-neumuenster.de\/inhalt\/wp-content\/uploads\/Text-8.jpg\"><img loading=\"lazy\" decoding=\"async\" width=\"683\" height=\"1024\" src=\"http:\/\/www.frauenhaus-neumuenster.de\/inhalt\/wp-content\/uploads\/Text-8-683x1024.jpg\" alt=\"\" class=\"wp-image-983\" srcset=\"https:\/\/www.frauenhaus-neumuenster.de\/inhalt\/wp-content\/uploads\/Text-8-683x1024.jpg 683w, https:\/\/www.frauenhaus-neumuenster.de\/inhalt\/wp-content\/uploads\/Text-8-200x300.jpg 200w, https:\/\/www.frauenhaus-neumuenster.de\/inhalt\/wp-content\/uploads\/Text-8-768x1152.jpg 768w\" sizes=\"auto, (max-width: 683px) 100vw, 683px\" \/><\/a><\/figure>\n\n\n\n<figure class=\"wp-block-image\"><a href=\"http:\/\/www.frauenhaus-neumuenster.de\/inhalt\/wp-content\/uploads\/Text-9.jpg\"><img loading=\"lazy\" decoding=\"async\" width=\"1024\" height=\"683\" src=\"http:\/\/www.frauenhaus-neumuenster.de\/inhalt\/wp-content\/uploads\/Text-9-1024x683.jpg\" alt=\"\" class=\"wp-image-984\" srcset=\"https:\/\/www.frauenhaus-neumuenster.de\/inhalt\/wp-content\/uploads\/Text-9-1024x683.jpg 1024w, https:\/\/www.frauenhaus-neumuenster.de\/inhalt\/wp-content\/uploads\/Text-9-300x200.jpg 300w, https:\/\/www.frauenhaus-neumuenster.de\/inhalt\/wp-content\/uploads\/Text-9-768x512.jpg 768w\" sizes=\"auto, (max-width: 1024px) 100vw, 1024px\" \/><\/a><\/figure>\n\n\n\n<figure class=\"wp-block-image\"><a href=\"http:\/\/www.frauenhaus-neumuenster.de\/inhalt\/wp-content\/uploads\/Text-10-neu.jpg\"><img loading=\"lazy\" decoding=\"async\" width=\"1024\" height=\"730\" src=\"http:\/\/www.frauenhaus-neumuenster.de\/inhalt\/wp-content\/uploads\/Text-10-neu-1024x730.jpg\" alt=\"\" class=\"wp-image-985\" srcset=\"https:\/\/www.frauenhaus-neumuenster.de\/inhalt\/wp-content\/uploads\/Text-10-neu-1024x730.jpg 1024w, https:\/\/www.frauenhaus-neumuenster.de\/inhalt\/wp-content\/uploads\/Text-10-neu-300x214.jpg 300w, https:\/\/www.frauenhaus-neumuenster.de\/inhalt\/wp-content\/uploads\/Text-10-neu-768x547.jpg 768w\" sizes=\"auto, (max-width: 1024px) 100vw, 1024px\" \/><\/a><\/figure>\n\n\n\n<figure class=\"wp-block-image\"><a href=\"http:\/\/www.frauenhaus-neumuenster.de\/inhalt\/wp-content\/uploads\/Text-11.jpg\"><img loading=\"lazy\" decoding=\"async\" width=\"683\" height=\"1024\" src=\"http:\/\/www.frauenhaus-neumuenster.de\/inhalt\/wp-content\/uploads\/Text-11-683x1024.jpg\" alt=\"\" class=\"wp-image-986\" srcset=\"https:\/\/www.frauenhaus-neumuenster.de\/inhalt\/wp-content\/uploads\/Text-11-683x1024.jpg 683w, https:\/\/www.frauenhaus-neumuenster.de\/inhalt\/wp-content\/uploads\/Text-11-200x300.jpg 200w, https:\/\/www.frauenhaus-neumuenster.de\/inhalt\/wp-content\/uploads\/Text-11-768x1152.jpg 768w\" sizes=\"auto, (max-width: 683px) 100vw, 683px\" \/><\/a><\/figure>\n\n\n\n<figure class=\"wp-block-image\"><a href=\"http:\/\/www.frauenhaus-neumuenster.de\/inhalt\/wp-content\/uploads\/Text-12.jpg\"><img loading=\"lazy\" decoding=\"async\" width=\"1024\" height=\"683\" src=\"http:\/\/www.frauenhaus-neumuenster.de\/inhalt\/wp-content\/uploads\/Text-12-1024x683.jpg\" alt=\"\" class=\"wp-image-987\" srcset=\"https:\/\/www.frauenhaus-neumuenster.de\/inhalt\/wp-content\/uploads\/Text-12-1024x683.jpg 1024w, https:\/\/www.frauenhaus-neumuenster.de\/inhalt\/wp-content\/uploads\/Text-12-300x200.jpg 300w, https:\/\/www.frauenhaus-neumuenster.de\/inhalt\/wp-content\/uploads\/Text-12-768x512.jpg 768w\" sizes=\"auto, (max-width: 1024px) 100vw, 1024px\" \/><\/a><\/figure>\n\n\n\n<figure class=\"wp-block-image\"><a href=\"http:\/\/www.frauenhaus-neumuenster.de\/inhalt\/wp-content\/uploads\/Text-13-neu.jpg\"><img loading=\"lazy\" decoding=\"async\" width=\"683\" height=\"1024\" src=\"http:\/\/www.frauenhaus-neumuenster.de\/inhalt\/wp-content\/uploads\/Text-13-neu-683x1024.jpg\" alt=\"\" class=\"wp-image-988\" srcset=\"https:\/\/www.frauenhaus-neumuenster.de\/inhalt\/wp-content\/uploads\/Text-13-neu-683x1024.jpg 683w, https:\/\/www.frauenhaus-neumuenster.de\/inhalt\/wp-content\/uploads\/Text-13-neu-200x300.jpg 200w, https:\/\/www.frauenhaus-neumuenster.de\/inhalt\/wp-content\/uploads\/Text-13-neu-768x1152.jpg 768w\" sizes=\"auto, (max-width: 683px) 100vw, 683px\" \/><\/a><\/figure>\n","protected":false},"excerpt":{"rendered":"<p>Wanderausstellung zum 40 j\u00e4hrigen Bestehen des Autonomen Frauenhauses Neum\u00fcnster (Hinweis: F\u00fcr eine vergr\u00f6\u00dferte Ansicht klicken Sie bitte auf den Beitrag.)<\/p>\n","protected":false},"author":1,"featured_media":0,"parent":0,"menu_order":61,"comment_status":"closed","ping_status":"closed","template":"","meta":{"footnotes":""},"class_list":["post-990","page","type-page","status-publish","hentry"],"_links":{"self":[{"href":"https:\/\/www.frauenhaus-neumuenster.de\/inhalt\/index.php?rest_route=\/wp\/v2\/pages\/990","targetHints":{"allow":["GET"]}}],"collection":[{"href":"https:\/\/www.frauenhaus-neumuenster.de\/inhalt\/index.php?rest_route=\/wp\/v2\/pages"}],"about":[{"href":"https:\/\/www.frauenhaus-neumuenster.de\/inhalt\/index.php?rest_route=\/wp\/v2\/types\/page"}],"author":[{"embeddable":true,"href":"https:\/\/www.frauenhaus-neumuenster.de\/inhalt\/index.php?rest_route=\/wp\/v2\/users\/1"}],"replies":[{"embeddable":true,"href":"https:\/\/www.frauenhaus-neumuenster.de\/inhalt\/index.php?rest_route=%2Fwp%2Fv2%2Fcomments&post=990"}],"version-history":[{"count":9,"href":"https:\/\/www.frauenhaus-neumuenster.de\/inhalt\/index.php?rest_route=\/wp\/v2\/pages\/990\/revisions"}],"predecessor-version":[{"id":1007,"href":"https:\/\/www.frauenhaus-neumuenster.de\/inhalt\/index.php?rest_route=\/wp\/v2\/pages\/990\/revisions\/1007"}],"wp:attachment":[{"href":"https:\/\/www.frauenhaus-neumuenster.de\/inhalt\/index.php?rest_route=%2Fwp%2Fv2%2Fmedia&parent=990"}],"curies":[{"name":"wp","href":"https:\/\/api.w.org\/{rel}","templated":true}]}}